{"id":2884,"date":"2025-12-08T11:00:09","date_gmt":"2025-12-08T16:00:09","guid":{"rendered":"https:\/\/partscityauto.ca\/?page_id=2884"},"modified":"2026-02-03T12:56:58","modified_gmt":"2026-02-03T17:56:58","slug":"a-propos","status":"publish","type":"page","link":"https:\/\/partscityauto.ca\/fr\/a-propos\/","title":{"rendered":"\u00c0 propos"},"content":{"rendered":"\t\t<div data-elementor-type=\"wp-page\" data-elementor-id=\"2884\" class=\"elementor elementor-2884\" data-elementor-post-type=\"page\">\n\t\t\t\t<div class=\"elementor-element elementor-element-0dec277 e-flex e-con-boxed e-con e-parent\" data-id=\"0dec277\" data-element_type=\"container\" data-settings=\"{&quot;background_background&quot;:&quot;classic&quot;}\">\n\t\t\t\t\t<div class=\"e-con-inner\">\n\t\t\t\t<div class=\"elementor-element elementor-element-23a8430 elementor-widget elementor-widget-heading\" data-id=\"23a8430\" data-element_type=\"widget\" data-widget_type=\"heading.default\">\n\t\t\t\t<div class=\"elementor-widget-container\">\n\t\t\t\t\t<h2 class=\"elementor-heading-title elementor-size-default\">\u00c0 propos de Parts City Pi\u00e8ces d\u2019Auto<\/h2>\t\t\t\t<\/div>\n\t\t\t\t<\/div>\n\t\t\t\t<div class=\"elementor-element elementor-element-f1a1c52 elementor-widget elementor-widget-text-editor\" data-id=\"f1a1c52\" data-element_type=\"widget\" data-widget_type=\"text-editor.default\">\n\t\t\t\t<div class=\"elementor-widget-container\">\n\t\t\t\t\t\t\t\t\t<p>Parts City Pi\u00e8ces d\u2019Auto est bien plus qu\u2019un fournisseur de pi\u00e8ces automobiles. Nous sommes un r\u00e9seau de magasins locaux d\u00e9di\u00e9s \u00e0 soutenir nos communaut\u00e9s et \u00e0 r\u00e9pondre \u00e0 leurs besoins uniques en mati\u00e8re d\u2019entretien et de r\u00e9paration automobile.<\/p>\t\t\t\t\t\t\t\t<\/div>\n\t\t\t\t<\/div>\n\t\t\t\t\t<\/div>\n\t\t\t\t<\/div>\n\t\t<div class=\"elementor-element elementor-element-55a0851 e-flex e-con-boxed e-con e-parent\" data-id=\"55a0851\" data-element_type=\"container\">\n\t\t\t\t\t<div class=\"e-con-inner\">\n\t\t<div class=\"elementor-element elementor-element-a9f5974 e-con-full e-flex e-con e-child\" data-id=\"a9f5974\" data-element_type=\"container\">\n\t\t\t\t<div class=\"elementor-element elementor-element-7f64e93 elementor-widget elementor-widget-heading\" data-id=\"7f64e93\" data-element_type=\"widget\" data-widget_type=\"heading.default\">\n\t\t\t\t<div class=\"elementor-widget-container\">\n\t\t\t\t\t<h3 class=\"elementor-heading-title elementor-size-default\">Une histoire ancr\u00e9e dans l'entrepreneuriat local <\/h3>\t\t\t\t<\/div>\n\t\t\t\t<\/div>\n\t\t\t\t<div class=\"elementor-element elementor-element-4130cae elementor-widget elementor-widget-text-editor\" data-id=\"4130cae\" data-element_type=\"widget\" data-widget_type=\"text-editor.default\">\n\t\t\t\t<div class=\"elementor-widget-container\">\n\t\t\t\t\t\t\t\t\t<p>Au Canada, notre r\u00e9seau s\u2019est b\u00e2ti au fil des ann\u00e9es gr\u00e2ce \u00e0 un solide programme de banni\u00e8re qui a efficacement soutenu des propri\u00e9taires ind\u00e9pendants \u00e0 travers le pays. Cette approche collaborative a permis \u00e0 nos membres de d\u00e9velopper leur entreprise, d\u2019accro\u00eetre leur chiffre d\u2019affaires et de b\u00e2tir des relations durables, tant avec les automobilistes que les professionnels bricoleurs.<\/p><p>Aujourd\u2019hui, Parts City Pi\u00e8ces d\u2019Auto est solidement implant\u00e9 dans plus de 265 points de vente au Canada et aux \u00c9tats-Unis, combinant la force d\u2019un grand r\u00e9seau nord-am\u00e9ricain avec le service personnalis\u00e9 d\u2019une entreprise locale.<\/p>\t\t\t\t\t\t\t\t<\/div>\n\t\t\t\t<\/div>\n\t\t\t\t<\/div>\n\t\t<div class=\"elementor-element elementor-element-0c0b9b7 e-con-full e-flex e-con e-child\" data-id=\"0c0b9b7\" data-element_type=\"container\">\n\t\t\t\t<div class=\"elementor-element elementor-element-58ebd42 elementor-widget elementor-widget-image\" data-id=\"58ebd42\" data-element_type=\"widget\" data-widget_type=\"image.default\">\n\t\t\t\t<div class=\"elementor-widget-container\">\n\t\t\t\t\t\t\t\t\t\t\t\t\t\t\t<img fetchpriority=\"high\" decoding=\"async\" width=\"800\" height=\"500\" src=\"https:\/\/partscityauto.ca\/wp-content\/uploads\/2025\/12\/About-Us-Parts-City-Auto-Parts-Canada-1024x640.webp\" class=\"attachment-large size-large wp-image-3155\" alt=\"Fa\u00e7ade de magasin Parts City Pi\u00e8ces d&#039;Auto\" srcset=\"https:\/\/partscityauto.ca\/wp-content\/uploads\/2025\/12\/About-Us-Parts-City-Auto-Parts-Canada-1024x640.webp 1024w, https:\/\/partscityauto.ca\/wp-content\/uploads\/2025\/12\/About-Us-Parts-City-Auto-Parts-Canada-300x188.webp 300w, https:\/\/partscityauto.ca\/wp-content\/uploads\/2025\/12\/About-Us-Parts-City-Auto-Parts-Canada-768x480.webp 768w, https:\/\/partscityauto.ca\/wp-content\/uploads\/2025\/12\/About-Us-Parts-City-Auto-Parts-Canada-1536x960.webp 1536w, https:\/\/partscityauto.ca\/wp-content\/uploads\/2025\/12\/About-Us-Parts-City-Auto-Parts-Canada.webp 1958w\" sizes=\"(max-width: 800px) 100vw, 800px\" \/>\t\t\t\t\t\t\t\t\t\t\t\t\t\t\t<\/div>\n\t\t\t\t<\/div>\n\t\t\t\t<\/div>\n\t\t\t\t\t<\/div>\n\t\t\t\t<\/div>\n\t\t<div class=\"elementor-element elementor-element-9a08423 e-flex e-con-boxed e-con e-parent\" data-id=\"9a08423\" data-element_type=\"container\">\n\t\t\t\t\t<div class=\"e-con-inner\">\n\t\t<div class=\"elementor-element elementor-element-bb0d355 e-con-full e-flex e-con e-child\" data-id=\"bb0d355\" data-element_type=\"container\">\n\t\t\t\t<div class=\"elementor-element elementor-element-2935561 elementor-widget elementor-widget-heading\" data-id=\"2935561\" data-element_type=\"widget\" data-widget_type=\"heading.default\">\n\t\t\t\t<div class=\"elementor-widget-container\">\n\t\t\t\t\t<h3 class=\"elementor-heading-title elementor-size-default\">Un mod\u00e8le unique : ind\u00e9pendant, mais jamais seul <\/h3>\t\t\t\t<\/div>\n\t\t\t\t<\/div>\n\t\t\t\t<div class=\"elementor-element elementor-element-59d0eb9 elementor-widget elementor-widget-text-editor\" data-id=\"59d0eb9\" data-element_type=\"widget\" data-widget_type=\"text-editor.default\">\n\t\t\t\t<div class=\"elementor-widget-container\">\n\t\t\t\t\t\t\t\t\t<p>La plupart de nos magasins sont d\u00e9tenus par des entrepreneurs locaux, souvent de deuxi\u00e8me ou troisi\u00e8me g\u00e9n\u00e9ration, qui travaillent chaque jour au comptoir pour servir leurs clients. Leur engagement personnel garantit une exp\u00e9rience authentique, conviviale et profond\u00e9ment ancr\u00e9e dans la communaut\u00e9.<\/p><p>Gr\u00e2ce \u00e0 notre relation strat\u00e9gique avec O\u2019Reilly Auto Parts, nous offrons non seulement un service local incomparable, mais aussi :<\/p><ul><li>Des prix comp\u00e9titifs dignes des grandes cha\u00eenes<\/li><li>Une vaste disponibilit\u00e9 de pi\u00e8ces<\/li><li>Une garantie nationale<\/li><li>Des ressources logistiques et technologiques performantes<\/li><\/ul>\t\t\t\t\t\t\t\t<\/div>\n\t\t\t\t<\/div>\n\t\t\t\t<\/div>\n\t\t\t\t\t<\/div>\n\t\t\t\t<\/div>\n\t\t<div class=\"elementor-element elementor-element-89039ac e-flex e-con-boxed e-con e-parent\" data-id=\"89039ac\" data-element_type=\"container\">\n\t\t\t\t\t<div class=\"e-con-inner\">\n\t\t<div class=\"elementor-element elementor-element-69895dc e-con-full e-flex e-con e-child\" data-id=\"69895dc\" data-element_type=\"container\">\n\t\t\t\t<div class=\"elementor-element elementor-element-2c8854f elementor-widget elementor-widget-image\" data-id=\"2c8854f\" data-element_type=\"widget\" data-widget_type=\"image.default\">\n\t\t\t\t<div class=\"elementor-widget-container\">\n\t\t\t\t\t\t\t\t\t\t\t\t\t\t\t<img decoding=\"async\" width=\"545\" height=\"340\" src=\"https:\/\/partscityauto.ca\/wp-content\/uploads\/2025\/12\/About-US-Parts-City-Auto-Parts.webp\" class=\"attachment-full size-full wp-image-3151\" alt=\"Employ\u00e9 Parts City installant des balais d&#039;essuie-glace pour un client\" srcset=\"https:\/\/partscityauto.ca\/wp-content\/uploads\/2025\/12\/About-US-Parts-City-Auto-Parts.webp 545w, https:\/\/partscityauto.ca\/wp-content\/uploads\/2025\/12\/About-US-Parts-City-Auto-Parts-300x187.webp 300w\" sizes=\"(max-width: 545px) 100vw, 545px\" \/>\t\t\t\t\t\t\t\t\t\t\t\t\t\t\t<\/div>\n\t\t\t\t<\/div>\n\t\t\t\t<\/div>\n\t\t<div class=\"elementor-element elementor-element-0d54518 e-con-full e-flex e-con e-child\" data-id=\"0d54518\" data-element_type=\"container\">\n\t\t\t\t<div class=\"elementor-element elementor-element-fb781b8 elementor-widget elementor-widget-heading\" data-id=\"fb781b8\" data-element_type=\"widget\" data-widget_type=\"heading.default\">\n\t\t\t\t<div class=\"elementor-widget-container\">\n\t\t\t\t\t<h3 class=\"elementor-heading-title elementor-size-default\">Notre engagement <\/h3>\t\t\t\t<\/div>\n\t\t\t\t<\/div>\n\t\t\t\t<div class=\"elementor-element elementor-element-ee81d03 elementor-widget elementor-widget-text-editor\" data-id=\"ee81d03\" data-element_type=\"widget\" data-widget_type=\"text-editor.default\">\n\t\t\t\t<div class=\"elementor-widget-container\">\n\t\t\t\t\t\t\t\t\t<p>Parts City Pi\u00e8ces d\u2019Auto vise \u00e0 devenir le magasin local de pi\u00e8ces automobiles le plus amical en ville. Nous nous engageons \u00e0 offrir :<\/p><ul><li>Un service \u00e0 la client\u00e8le exceptionnel et personnalis\u00e9<\/li><li>Des pi\u00e8ces, outils, fournitures, \u00e9quipements et accessoires automobiles de premi\u00e8re qualit\u00e9<\/li><li>Des prix comp\u00e9titifs soutenus par la force d\u2019un r\u00e9seau nord-am\u00e9ricain<\/li><li>Une expertise locale pour r\u00e9pondre aux besoins uniques des communaut\u00e9s que nous servons<\/li><\/ul><p>\u00a0<\/p><p>Que vous soyez bricoleur ou professionnel, vous pouvez compter sur nos professionnels des pi\u00e8ces pour vous guider et trouver les bons composants afin de r\u00e9tablir la performance de votre v\u00e9hicule rapidement, efficacement et avec le sourire.<\/p>\t\t\t\t\t\t\t\t<\/div>\n\t\t\t\t<\/div>\n\t\t\t\t<\/div>\n\t\t\t\t\t<\/div>\n\t\t\t\t<\/div>\n\t\t\t\t<\/div>\n\t\t","protected":false},"excerpt":{"rendered":"<p>\u00c0 propos de Parts City Pi\u00e8ces d\u2019Auto Parts City Pi\u00e8ces d\u2019Auto est bien plus qu\u2019un fournisseur de pi\u00e8ces automobiles. Nous sommes un r\u00e9seau de magasins locaux d\u00e9di\u00e9s \u00e0 soutenir nos communaut\u00e9s et \u00e0 r\u00e9pondre \u00e0 leurs besoins uniques en mati\u00e8re d\u2019entretien et de r\u00e9paration automobile. Une histoire ancr\u00e9e dans l&rsquo;entrepreneuriat local Au Canada, notre r\u00e9seau [&hellip;]<\/p>\n","protected":false},"author":1,"featured_media":0,"parent":0,"menu_order":0,"comment_status":"closed","ping_status":"closed","template":"","meta":{"_acf_changed":false,"footnotes":""},"class_list":["post-2884","page","type-page","status-publish","hentry"],"acf":[],"yoast_head":"<!-- This site is optimized with the Yoast SEO Premium plugin v27.5 (Yoast SEO v27.5) - https:\/\/yoast.com\/product\/yoast-seo-premium-wordpress\/ -->\n<title>\u00c0 propos | Parts City Pi\u00e8ces d&#039;Auto<\/title>\n<meta name=\"description\" content=\"D\u00e9couvrez Parts City Auto Parts, un r\u00e9seau fiable de magasins de pi\u00e8ces auto offrant qualit\u00e9 et services personnalis\u00e9s partout au Canada.\" \/>\n<meta name=\"robots\" content=\"index, follow, max-snippet:-1, max-image-preview:large, max-video-preview:-1\" \/>\n<link rel=\"canonical\" href=\"https:\/\/partscityauto.ca\/fr\/a-propos\/\" \/>\n<meta property=\"og:locale\" content=\"fr_CA\" \/>\n<meta property=\"og:type\" content=\"article\" \/>\n<meta property=\"og:title\" content=\"\u00c0 propos\" \/>\n<meta property=\"og:description\" content=\"D\u00e9couvrez Parts City Auto Parts, un r\u00e9seau fiable de magasins de pi\u00e8ces auto offrant qualit\u00e9 et services personnalis\u00e9s partout au Canada.\" \/>\n<meta property=\"og:url\" content=\"https:\/\/partscityauto.ca\/fr\/a-propos\/\" \/>\n<meta property=\"og:site_name\" content=\"Parts City Pi\u00e8ces d&#039;Auto\" \/>\n<meta property=\"article:modified_time\" content=\"2026-02-03T17:56:58+00:00\" \/>\n<meta property=\"og:image\" content=\"https:\/\/partscityauto.ca\/wp-content\/uploads\/2025\/12\/About-Us-Parts-City-Auto-Parts-Canada.webp\" \/>\n\t<meta property=\"og:image:width\" content=\"1958\" \/>\n\t<meta property=\"og:image:height\" content=\"1224\" \/>\n\t<meta property=\"og:image:type\" content=\"image\/webp\" \/>\n<meta name=\"twitter:card\" content=\"summary_large_image\" \/>\n<meta name=\"twitter:label1\" content=\"Estimation du temps de lecture\" \/>\n\t<meta name=\"twitter:data1\" content=\"3 minutes\" \/>\n<script type=\"application\/ld+json\" class=\"yoast-schema-graph\">{\"@context\":\"https:\\\/\\\/schema.org\",\"@graph\":[{\"@type\":\"WebPage\",\"@id\":\"https:\\\/\\\/partscityauto.ca\\\/fr\\\/a-propos\\\/\",\"url\":\"https:\\\/\\\/partscityauto.ca\\\/fr\\\/a-propos\\\/\",\"name\":\"\u00c0 propos | Parts City Pi\u00e8ces d&#039;Auto\",\"isPartOf\":{\"@id\":\"https:\\\/\\\/partscityauto.ca\\\/fr\\\/#website\"},\"primaryImageOfPage\":{\"@id\":\"https:\\\/\\\/partscityauto.ca\\\/fr\\\/a-propos\\\/#primaryimage\"},\"image\":{\"@id\":\"https:\\\/\\\/partscityauto.ca\\\/fr\\\/a-propos\\\/#primaryimage\"},\"thumbnailUrl\":\"https:\\\/\\\/partscityauto.ca\\\/wp-content\\\/uploads\\\/2025\\\/12\\\/About-Us-Parts-City-Auto-Parts-Canada-1024x640.webp\",\"datePublished\":\"2025-12-08T16:00:09+00:00\",\"dateModified\":\"2026-02-03T17:56:58+00:00\",\"description\":\"D\u00e9couvrez Parts City Auto Parts, un r\u00e9seau fiable de magasins de pi\u00e8ces auto offrant qualit\u00e9 et services personnalis\u00e9s partout au Canada.\",\"breadcrumb\":{\"@id\":\"https:\\\/\\\/partscityauto.ca\\\/fr\\\/a-propos\\\/#breadcrumb\"},\"inLanguage\":\"fr-CA\",\"potentialAction\":[{\"@type\":\"ReadAction\",\"target\":[\"https:\\\/\\\/partscityauto.ca\\\/fr\\\/a-propos\\\/\"]}]},{\"@type\":\"ImageObject\",\"inLanguage\":\"fr-CA\",\"@id\":\"https:\\\/\\\/partscityauto.ca\\\/fr\\\/a-propos\\\/#primaryimage\",\"url\":\"https:\\\/\\\/partscityauto.ca\\\/wp-content\\\/uploads\\\/2025\\\/12\\\/About-Us-Parts-City-Auto-Parts-Canada-1024x640.webp\",\"contentUrl\":\"https:\\\/\\\/partscityauto.ca\\\/wp-content\\\/uploads\\\/2025\\\/12\\\/About-Us-Parts-City-Auto-Parts-Canada-1024x640.webp\"},{\"@type\":\"BreadcrumbList\",\"@id\":\"https:\\\/\\\/partscityauto.ca\\\/fr\\\/a-propos\\\/#breadcrumb\",\"itemListElement\":[{\"@type\":\"ListItem\",\"position\":1,\"name\":\"Accueil\",\"item\":\"https:\\\/\\\/partscityauto.ca\\\/fr\\\/\"},{\"@type\":\"ListItem\",\"position\":2,\"name\":\"\u00c0 propos\"}]},{\"@type\":\"WebSite\",\"@id\":\"https:\\\/\\\/partscityauto.ca\\\/fr\\\/#website\",\"url\":\"https:\\\/\\\/partscityauto.ca\\\/fr\\\/\",\"name\":\"Parts City Pi\u00e8ces d&#039;Auto\",\"description\":\"Meilleures pi\u00e8ces\u2026 meilleurs prix, tous les jours !\",\"publisher\":{\"@id\":\"https:\\\/\\\/partscityauto.ca\\\/fr\\\/#organization\"},\"potentialAction\":[{\"@type\":\"SearchAction\",\"target\":{\"@type\":\"EntryPoint\",\"urlTemplate\":\"https:\\\/\\\/partscityauto.ca\\\/fr\\\/?s={search_term_string}\"},\"query-input\":{\"@type\":\"PropertyValueSpecification\",\"valueRequired\":true,\"valueName\":\"search_term_string\"}}],\"inLanguage\":\"fr-CA\"},{\"@type\":\"Organization\",\"@id\":\"https:\\\/\\\/partscityauto.ca\\\/fr\\\/#organization\",\"name\":\"Parts City Pi\u00e8ces d&#039;Auto\",\"url\":\"https:\\\/\\\/partscityauto.ca\\\/fr\\\/\",\"logo\":{\"@type\":\"ImageObject\",\"inLanguage\":\"fr-CA\",\"@id\":\"https:\\\/\\\/partscityauto.ca\\\/fr\\\/#\\\/schema\\\/logo\\\/image\\\/\",\"url\":\"https:\\\/\\\/partscityauto.ca\\\/wp-content\\\/uploads\\\/2025\\\/02\\\/cropped-GDV-Logo_PartsCity_renverse_RGB.png\",\"contentUrl\":\"https:\\\/\\\/partscityauto.ca\\\/wp-content\\\/uploads\\\/2025\\\/02\\\/cropped-GDV-Logo_PartsCity_renverse_RGB.png\",\"width\":864,\"height\":247,\"caption\":\"Parts City Pi\u00e8ces d&#039;Auto\"},\"image\":{\"@id\":\"https:\\\/\\\/partscityauto.ca\\\/fr\\\/#\\\/schema\\\/logo\\\/image\\\/\"}}]}<\/script>\n<!-- \/ Yoast SEO Premium plugin. -->","yoast_head_json":{"title":"\u00c0 propos | Parts City Pi\u00e8ces d&#039;Auto","description":"D\u00e9couvrez Parts City Auto Parts, un r\u00e9seau fiable de magasins de pi\u00e8ces auto offrant qualit\u00e9 et services personnalis\u00e9s partout au Canada.","robots":{"index":"index","follow":"follow","max-snippet":"max-snippet:-1","max-image-preview":"max-image-preview:large","max-video-preview":"max-video-preview:-1"},"canonical":"https:\/\/partscityauto.ca\/fr\/a-propos\/","og_locale":"fr_CA","og_type":"article","og_title":"\u00c0 propos","og_description":"D\u00e9couvrez Parts City Auto Parts, un r\u00e9seau fiable de magasins de pi\u00e8ces auto offrant qualit\u00e9 et services personnalis\u00e9s partout au Canada.","og_url":"https:\/\/partscityauto.ca\/fr\/a-propos\/","og_site_name":"Parts City Pi\u00e8ces d&#039;Auto","article_modified_time":"2026-02-03T17:56:58+00:00","og_image":[{"width":1958,"height":1224,"url":"https:\/\/partscityauto.ca\/wp-content\/uploads\/2025\/12\/About-Us-Parts-City-Auto-Parts-Canada.webp","type":"image\/webp"}],"twitter_card":"summary_large_image","twitter_misc":{"Estimation du temps de lecture":"3 minutes"},"schema":{"@context":"https:\/\/schema.org","@graph":[{"@type":"WebPage","@id":"https:\/\/partscityauto.ca\/fr\/a-propos\/","url":"https:\/\/partscityauto.ca\/fr\/a-propos\/","name":"\u00c0 propos | Parts City Pi\u00e8ces d&#039;Auto","isPartOf":{"@id":"https:\/\/partscityauto.ca\/fr\/#website"},"primaryImageOfPage":{"@id":"https:\/\/partscityauto.ca\/fr\/a-propos\/#primaryimage"},"image":{"@id":"https:\/\/partscityauto.ca\/fr\/a-propos\/#primaryimage"},"thumbnailUrl":"https:\/\/partscityauto.ca\/wp-content\/uploads\/2025\/12\/About-Us-Parts-City-Auto-Parts-Canada-1024x640.webp","datePublished":"2025-12-08T16:00:09+00:00","dateModified":"2026-02-03T17:56:58+00:00","description":"D\u00e9couvrez Parts City Auto Parts, un r\u00e9seau fiable de magasins de pi\u00e8ces auto offrant qualit\u00e9 et services personnalis\u00e9s partout au Canada.","breadcrumb":{"@id":"https:\/\/partscityauto.ca\/fr\/a-propos\/#breadcrumb"},"inLanguage":"fr-CA","potentialAction":[{"@type":"ReadAction","target":["https:\/\/partscityauto.ca\/fr\/a-propos\/"]}]},{"@type":"ImageObject","inLanguage":"fr-CA","@id":"https:\/\/partscityauto.ca\/fr\/a-propos\/#primaryimage","url":"https:\/\/partscityauto.ca\/wp-content\/uploads\/2025\/12\/About-Us-Parts-City-Auto-Parts-Canada-1024x640.webp","contentUrl":"https:\/\/partscityauto.ca\/wp-content\/uploads\/2025\/12\/About-Us-Parts-City-Auto-Parts-Canada-1024x640.webp"},{"@type":"BreadcrumbList","@id":"https:\/\/partscityauto.ca\/fr\/a-propos\/#breadcrumb","itemListElement":[{"@type":"ListItem","position":1,"name":"Accueil","item":"https:\/\/partscityauto.ca\/fr\/"},{"@type":"ListItem","position":2,"name":"\u00c0 propos"}]},{"@type":"WebSite","@id":"https:\/\/partscityauto.ca\/fr\/#website","url":"https:\/\/partscityauto.ca\/fr\/","name":"Parts City Pi\u00e8ces d&#039;Auto","description":"Meilleures pi\u00e8ces\u2026 meilleurs prix, tous les jours !","publisher":{"@id":"https:\/\/partscityauto.ca\/fr\/#organization"},"potentialAction":[{"@type":"SearchAction","target":{"@type":"EntryPoint","urlTemplate":"https:\/\/partscityauto.ca\/fr\/?s={search_term_string}"},"query-input":{"@type":"PropertyValueSpecification","valueRequired":true,"valueName":"search_term_string"}}],"inLanguage":"fr-CA"},{"@type":"Organization","@id":"https:\/\/partscityauto.ca\/fr\/#organization","name":"Parts City Pi\u00e8ces d&#039;Auto","url":"https:\/\/partscityauto.ca\/fr\/","logo":{"@type":"ImageObject","inLanguage":"fr-CA","@id":"https:\/\/partscityauto.ca\/fr\/#\/schema\/logo\/image\/","url":"https:\/\/partscityauto.ca\/wp-content\/uploads\/2025\/02\/cropped-GDV-Logo_PartsCity_renverse_RGB.png","contentUrl":"https:\/\/partscityauto.ca\/wp-content\/uploads\/2025\/02\/cropped-GDV-Logo_PartsCity_renverse_RGB.png","width":864,"height":247,"caption":"Parts City Pi\u00e8ces d&#039;Auto"},"image":{"@id":"https:\/\/partscityauto.ca\/fr\/#\/schema\/logo\/image\/"}}]}},"_links":{"self":[{"href":"https:\/\/partscityauto.ca\/fr\/wp-json\/wp\/v2\/pages\/2884","targetHints":{"allow":["GET"]}}],"collection":[{"href":"https:\/\/partscityauto.ca\/fr\/wp-json\/wp\/v2\/pages"}],"about":[{"href":"https:\/\/partscityauto.ca\/fr\/wp-json\/wp\/v2\/types\/page"}],"author":[{"embeddable":true,"href":"https:\/\/partscityauto.ca\/fr\/wp-json\/wp\/v2\/users\/1"}],"replies":[{"embeddable":true,"href":"https:\/\/partscityauto.ca\/fr\/wp-json\/wp\/v2\/comments?post=2884"}],"version-history":[{"count":80,"href":"https:\/\/partscityauto.ca\/fr\/wp-json\/wp\/v2\/pages\/2884\/revisions"}],"predecessor-version":[{"id":5236,"href":"https:\/\/partscityauto.ca\/fr\/wp-json\/wp\/v2\/pages\/2884\/revisions\/5236"}],"wp:attachment":[{"href":"https:\/\/partscityauto.ca\/fr\/wp-json\/wp\/v2\/media?parent=2884"}],"curies":[{"name":"wp","href":"https:\/\/api.w.org\/{rel}","templated":true}]}}