{"id":2613,"date":"2025-12-04T13:09:50","date_gmt":"2025-12-04T18:09:50","guid":{"rendered":"https:\/\/partscityauto.ca\/?page_id=2613"},"modified":"2026-02-06T11:46:26","modified_gmt":"2026-02-06T16:46:26","slug":"nos-marques","status":"publish","type":"page","link":"https:\/\/partscityauto.ca\/fr\/nos-marques\/","title":{"rendered":"Nos marques"},"content":{"rendered":"\t\t<div data-elementor-type=\"wp-page\" data-elementor-id=\"2613\" class=\"elementor elementor-2613\" data-elementor-post-type=\"page\">\n\t\t\t\t<div class=\"elementor-element elementor-element-24a2b0b e-flex e-con-boxed e-con e-parent\" data-id=\"24a2b0b\" data-element_type=\"container\">\n\t\t\t\t\t<div class=\"e-con-inner\">\n\t\t\t\t<div class=\"elementor-element elementor-element-2acc49b elementor-widget elementor-widget-image\" data-id=\"2acc49b\" data-element_type=\"widget\" data-widget_type=\"image.default\">\n\t\t\t\t<div class=\"elementor-widget-container\">\n\t\t\t\t\t\t\t\t\t\t\t\t\t\t\t<img fetchpriority=\"high\" decoding=\"async\" width=\"1168\" height=\"320\" src=\"https:\/\/partscityauto.ca\/wp-content\/uploads\/2026\/01\/OurBrands1168x320.jpg\" class=\"attachment-full size-full wp-image-5069\" alt=\"\" srcset=\"https:\/\/partscityauto.ca\/wp-content\/uploads\/2026\/01\/OurBrands1168x320.jpg 1168w, https:\/\/partscityauto.ca\/wp-content\/uploads\/2026\/01\/OurBrands1168x320-300x82.jpg 300w, https:\/\/partscityauto.ca\/wp-content\/uploads\/2026\/01\/OurBrands1168x320-1024x281.jpg 1024w, https:\/\/partscityauto.ca\/wp-content\/uploads\/2026\/01\/OurBrands1168x320-768x210.jpg 768w\" sizes=\"(max-width: 1168px) 100vw, 1168px\" \/>\t\t\t\t\t\t\t\t\t\t\t\t\t\t\t<\/div>\n\t\t\t\t<\/div>\n\t\t\t\t\t<\/div>\n\t\t\t\t<\/div>\n\t\t<div class=\"elementor-element elementor-element-960d570 e-flex e-con-boxed e-con e-parent\" data-id=\"960d570\" data-element_type=\"container\">\n\t\t\t\t\t<div class=\"e-con-inner\">\n\t\t\t\t<div class=\"elementor-element elementor-element-9b72d5d elementor-widget elementor-widget-heading\" data-id=\"9b72d5d\" data-element_type=\"widget\" data-widget_type=\"heading.default\">\n\t\t\t\t<div class=\"elementor-widget-container\">\n\t\t\t\t\t<h1 class=\"elementor-heading-title elementor-size-default\">Marques Parts City<\/h1>\t\t\t\t<\/div>\n\t\t\t\t<\/div>\n\t\t\t\t\t<\/div>\n\t\t\t\t<\/div>\n\t\t<div class=\"elementor-element elementor-element-dfa5982 e-flex e-con-boxed e-con e-parent\" data-id=\"dfa5982\" data-element_type=\"container\">\n\t\t\t\t\t<div class=\"e-con-inner\">\n\t\t<div class=\"elementor-element elementor-element-f91ccf9 e-con-full e-flex e-con e-child\" data-id=\"f91ccf9\" data-element_type=\"container\">\n\t\t\t\t<div class=\"elementor-element elementor-element-dd1397f elementor-widget__width-initial elementor-widget elementor-widget-text-editor\" data-id=\"dd1397f\" data-element_type=\"widget\" data-widget_type=\"text-editor.default\">\n\t\t\t\t<div class=\"elementor-widget-container\">\n\t\t\t\t\t\t\t\t\tNous travaillons avec des marques leaders afin de vous proposer des produits de haute qualit\u00e9 dans diff\u00e9rentes cat\u00e9gories : batteries, freins, suspensions, courroies, moteurs et bien d\u2019autres encore.\t\t\t\t\t\t\t\t<\/div>\n\t\t\t\t<\/div>\n\t\t\t\t<\/div>\n\t\t\t\t\t<\/div>\n\t\t\t\t<\/div>\n\t\t<div class=\"elementor-element elementor-element-276e9dd e-flex e-con-boxed e-con e-parent\" data-id=\"276e9dd\" data-element_type=\"container\">\n\t\t\t\t\t<div class=\"e-con-inner\">\n\t\t<div class=\"elementor-element elementor-element-0a7c590 e-grid e-con-full e-con e-child\" data-id=\"0a7c590\" data-element_type=\"container\">\n\t\t\t\t<div class=\"elementor-element elementor-element-6904795 elementor-widget elementor-widget-image\" data-id=\"6904795\" data-element_type=\"widget\" data-widget_type=\"image.default\">\n\t\t\t\t<div class=\"elementor-widget-container\">\n\t\t\t\t\t\t\t\t\t\t\t\t\t\t\t\t<a href=\"\/fr\/nos-marques\/batteries-super-start\/\">\n\t\t\t\t\t\t\t<img decoding=\"async\" width=\"650\" height=\"400\" src=\"https:\/\/partscityauto.ca\/wp-content\/uploads\/2025\/12\/Super-Start.jpg\" class=\"attachment-full size-full wp-image-2560\" alt=\"Logo Super Start Batteries\" srcset=\"https:\/\/partscityauto.ca\/wp-content\/uploads\/2025\/12\/Super-Start.jpg 650w, https:\/\/partscityauto.ca\/wp-content\/uploads\/2025\/12\/Super-Start-300x185.jpg 300w\" sizes=\"(max-width: 650px) 100vw, 650px\" \/>\t\t\t\t\t\t\t\t<\/a>\n\t\t\t\t\t\t\t\t\t\t\t\t\t\t\t<\/div>\n\t\t\t\t<\/div>\n\t\t\t\t<div class=\"elementor-element elementor-element-b756ff3 elementor-widget elementor-widget-image\" data-id=\"b756ff3\" data-element_type=\"widget\" data-widget_type=\"image.default\">\n\t\t\t\t<div class=\"elementor-widget-container\">\n\t\t\t\t\t\t\t\t\t\t\t\t\t\t\t\t<a href=\"\/fr\/nos-marques\/brakebest\/\">\n\t\t\t\t\t\t\t<img decoding=\"async\" width=\"650\" height=\"400\" src=\"https:\/\/partscityauto.ca\/wp-content\/uploads\/2025\/12\/BrakeBest.jpg\" class=\"attachment-full size-full wp-image-2550\" alt=\"Logo BrakeBest Select\" srcset=\"https:\/\/partscityauto.ca\/wp-content\/uploads\/2025\/12\/BrakeBest.jpg 650w, https:\/\/partscityauto.ca\/wp-content\/uploads\/2025\/12\/BrakeBest-300x185.jpg 300w\" sizes=\"(max-width: 650px) 100vw, 650px\" \/>\t\t\t\t\t\t\t\t<\/a>\n\t\t\t\t\t\t\t\t\t\t\t\t\t\t\t<\/div>\n\t\t\t\t<\/div>\n\t\t\t\t<div class=\"elementor-element elementor-element-ff9b4c2 elementor-widget elementor-widget-image\" data-id=\"ff9b4c2\" data-element_type=\"widget\" data-widget_type=\"image.default\">\n\t\t\t\t<div class=\"elementor-widget-container\">\n\t\t\t\t\t\t\t\t\t\t\t\t\t\t\t\t<a href=\"\/fr\/nos-marques\/import-direct\/\">\n\t\t\t\t\t\t\t<img loading=\"lazy\" decoding=\"async\" width=\"650\" height=\"400\" src=\"https:\/\/partscityauto.ca\/wp-content\/uploads\/2025\/12\/Import-Direct.jpg\" class=\"attachment-full size-full wp-image-2562\" alt=\"Logo Import Direct\" srcset=\"https:\/\/partscityauto.ca\/wp-content\/uploads\/2025\/12\/Import-Direct.jpg 650w, https:\/\/partscityauto.ca\/wp-content\/uploads\/2025\/12\/Import-Direct-300x185.jpg 300w\" sizes=\"(max-width: 650px) 100vw, 650px\" \/>\t\t\t\t\t\t\t\t<\/a>\n\t\t\t\t\t\t\t\t\t\t\t\t\t\t\t<\/div>\n\t\t\t\t<\/div>\n\t\t\t\t<div class=\"elementor-element elementor-element-b1b5e96 elementor-widget elementor-widget-image\" data-id=\"b1b5e96\" data-element_type=\"widget\" data-widget_type=\"image.default\">\n\t\t\t\t<div class=\"elementor-widget-container\">\n\t\t\t\t\t\t\t\t\t\t\t\t\t\t\t\t<a href=\"\/fr\/nos-marques\/filtres-microgard\/\">\n\t\t\t\t\t\t\t<img loading=\"lazy\" decoding=\"async\" width=\"650\" height=\"400\" src=\"https:\/\/partscityauto.ca\/wp-content\/uploads\/2025\/12\/MicroGard.jpg\" class=\"attachment-full size-full wp-image-2552\" alt=\"Logo MicroGard\" srcset=\"https:\/\/partscityauto.ca\/wp-content\/uploads\/2025\/12\/MicroGard.jpg 650w, https:\/\/partscityauto.ca\/wp-content\/uploads\/2025\/12\/MicroGard-300x185.jpg 300w\" sizes=\"(max-width: 650px) 100vw, 650px\" \/>\t\t\t\t\t\t\t\t<\/a>\n\t\t\t\t\t\t\t\t\t\t\t\t\t\t\t<\/div>\n\t\t\t\t<\/div>\n\t\t\t\t<\/div>\n\t\t\t\t\t<\/div>\n\t\t\t\t<\/div>\n\t\t<div class=\"elementor-element elementor-element-83ec9f3 e-flex e-con-boxed e-con e-parent\" data-id=\"83ec9f3\" data-element_type=\"container\">\n\t\t\t\t\t<div class=\"e-con-inner\">\n\t\t\t\t\t<\/div>\n\t\t\t\t<\/div>\n\t\t\t\t<\/div>\n\t\t","protected":false},"excerpt":{"rendered":"<p>Marques Parts City Nous travaillons avec des marques leaders afin de vous proposer des produits de haute qualit\u00e9 dans diff\u00e9rentes cat\u00e9gories : batteries, freins, suspensions, courroies, moteurs et bien d\u2019autres encore.<\/p>\n","protected":false},"author":1,"featured_media":0,"parent":0,"menu_order":0,"comment_status":"closed","ping_status":"closed","template":"","meta":{"_acf_changed":false,"footnotes":""},"class_list":["post-2613","page","type-page","status-publish","hentry"],"acf":[],"yoast_head":"<!-- This site is optimized with the Yoast SEO Premium plugin v27.5 (Yoast SEO v27.5) - https:\/\/yoast.com\/product\/yoast-seo-premium-wordpress\/ -->\n<title>Nos marques | Parts City Pi\u00e8ces d&#039;Auto<\/title>\n<meta name=\"description\" content=\"D\u00e9couvrez les grandes marques chez Parts City : BrakeBest, batteries Super Start, filtres MicroGard, Import Direct et plus.\" \/>\n<meta name=\"robots\" content=\"index, follow, max-snippet:-1, max-image-preview:large, max-video-preview:-1\" \/>\n<link rel=\"canonical\" href=\"https:\/\/partscityauto.ca\/fr\/nos-marques\/\" \/>\n<meta property=\"og:locale\" content=\"fr_CA\" \/>\n<meta property=\"og:type\" content=\"article\" \/>\n<meta property=\"og:title\" content=\"Nos marques\" \/>\n<meta property=\"og:description\" content=\"D\u00e9couvrez les grandes marques chez Parts City : BrakeBest, batteries Super Start, filtres MicroGard, Import Direct et plus.\" \/>\n<meta property=\"og:url\" content=\"https:\/\/partscityauto.ca\/fr\/nos-marques\/\" \/>\n<meta property=\"og:site_name\" content=\"Parts City Pi\u00e8ces d&#039;Auto\" \/>\n<meta property=\"article:modified_time\" content=\"2026-02-06T16:46:26+00:00\" \/>\n<meta property=\"og:image\" content=\"https:\/\/partscityauto.ca\/wp-content\/uploads\/2026\/01\/OurBrands1168x320.jpg\" \/>\n<meta name=\"twitter:card\" content=\"summary_large_image\" \/>\n<meta name=\"twitter:label1\" content=\"Estimation du temps de lecture\" \/>\n\t<meta name=\"twitter:data1\" content=\"2 minutes\" \/>\n<script type=\"application\/ld+json\" class=\"yoast-schema-graph\">{\"@context\":\"https:\\\/\\\/schema.org\",\"@graph\":[{\"@type\":\"WebPage\",\"@id\":\"https:\\\/\\\/partscityauto.ca\\\/fr\\\/nos-marques\\\/\",\"url\":\"https:\\\/\\\/partscityauto.ca\\\/fr\\\/nos-marques\\\/\",\"name\":\"Nos marques | Parts City Pi\u00e8ces d&#039;Auto\",\"isPartOf\":{\"@id\":\"https:\\\/\\\/partscityauto.ca\\\/fr\\\/#website\"},\"primaryImageOfPage\":{\"@id\":\"https:\\\/\\\/partscityauto.ca\\\/fr\\\/nos-marques\\\/#primaryimage\"},\"image\":{\"@id\":\"https:\\\/\\\/partscityauto.ca\\\/fr\\\/nos-marques\\\/#primaryimage\"},\"thumbnailUrl\":\"https:\\\/\\\/partscityauto.ca\\\/wp-content\\\/uploads\\\/2026\\\/01\\\/OurBrands1168x320.jpg\",\"datePublished\":\"2025-12-04T18:09:50+00:00\",\"dateModified\":\"2026-02-06T16:46:26+00:00\",\"description\":\"D\u00e9couvrez les grandes marques chez Parts City : BrakeBest, batteries Super Start, filtres MicroGard, Import Direct et plus.\",\"breadcrumb\":{\"@id\":\"https:\\\/\\\/partscityauto.ca\\\/fr\\\/nos-marques\\\/#breadcrumb\"},\"inLanguage\":\"fr-CA\",\"potentialAction\":[{\"@type\":\"ReadAction\",\"target\":[\"https:\\\/\\\/partscityauto.ca\\\/fr\\\/nos-marques\\\/\"]}],\"about\":{\"@type\":\"Brand\",\"name\":\"Nos marques\"}},{\"@type\":\"ImageObject\",\"inLanguage\":\"fr-CA\",\"@id\":\"https:\\\/\\\/partscityauto.ca\\\/fr\\\/nos-marques\\\/#primaryimage\",\"url\":\"https:\\\/\\\/partscityauto.ca\\\/wp-content\\\/uploads\\\/2026\\\/01\\\/OurBrands1168x320.jpg\",\"contentUrl\":\"https:\\\/\\\/partscityauto.ca\\\/wp-content\\\/uploads\\\/2026\\\/01\\\/OurBrands1168x320.jpg\"},{\"@type\":\"BreadcrumbList\",\"@id\":\"https:\\\/\\\/partscityauto.ca\\\/fr\\\/nos-marques\\\/#breadcrumb\",\"itemListElement\":[{\"@type\":\"ListItem\",\"position\":1,\"name\":\"Accueil\",\"item\":\"https:\\\/\\\/partscityauto.ca\\\/fr\\\/\"},{\"@type\":\"ListItem\",\"position\":2,\"name\":\"Nos marques\"}]},{\"@type\":\"WebSite\",\"@id\":\"https:\\\/\\\/partscityauto.ca\\\/fr\\\/#website\",\"url\":\"https:\\\/\\\/partscityauto.ca\\\/fr\\\/\",\"name\":\"Parts City Pi\u00e8ces d&#039;Auto\",\"description\":\"Meilleures pi\u00e8ces\u2026 meilleurs prix, tous les jours !\",\"publisher\":{\"@id\":\"https:\\\/\\\/partscityauto.ca\\\/fr\\\/#organization\"},\"potentialAction\":[{\"@type\":\"SearchAction\",\"target\":{\"@type\":\"EntryPoint\",\"urlTemplate\":\"https:\\\/\\\/partscityauto.ca\\\/fr\\\/?s={search_term_string}\"},\"query-input\":{\"@type\":\"PropertyValueSpecification\",\"valueRequired\":true,\"valueName\":\"search_term_string\"}}],\"inLanguage\":\"fr-CA\"},{\"@type\":\"Organization\",\"@id\":\"https:\\\/\\\/partscityauto.ca\\\/fr\\\/#organization\",\"name\":\"Parts City Pi\u00e8ces d&#039;Auto\",\"url\":\"https:\\\/\\\/partscityauto.ca\\\/fr\\\/\",\"logo\":{\"@type\":\"ImageObject\",\"inLanguage\":\"fr-CA\",\"@id\":\"https:\\\/\\\/partscityauto.ca\\\/fr\\\/#\\\/schema\\\/logo\\\/image\\\/\",\"url\":\"https:\\\/\\\/partscityauto.ca\\\/wp-content\\\/uploads\\\/2025\\\/02\\\/cropped-GDV-Logo_PartsCity_renverse_RGB.png\",\"contentUrl\":\"https:\\\/\\\/partscityauto.ca\\\/wp-content\\\/uploads\\\/2025\\\/02\\\/cropped-GDV-Logo_PartsCity_renverse_RGB.png\",\"width\":864,\"height\":247,\"caption\":\"Parts City Pi\u00e8ces d&#039;Auto\"},\"image\":{\"@id\":\"https:\\\/\\\/partscityauto.ca\\\/fr\\\/#\\\/schema\\\/logo\\\/image\\\/\"}}]}<\/script>\n<!-- \/ Yoast SEO Premium plugin. -->","yoast_head_json":{"title":"Nos marques | Parts City Pi\u00e8ces d&#039;Auto","description":"D\u00e9couvrez les grandes marques chez Parts City : BrakeBest, batteries Super Start, filtres MicroGard, Import Direct et plus.","robots":{"index":"index","follow":"follow","max-snippet":"max-snippet:-1","max-image-preview":"max-image-preview:large","max-video-preview":"max-video-preview:-1"},"canonical":"https:\/\/partscityauto.ca\/fr\/nos-marques\/","og_locale":"fr_CA","og_type":"article","og_title":"Nos marques","og_description":"D\u00e9couvrez les grandes marques chez Parts City : BrakeBest, batteries Super Start, filtres MicroGard, Import Direct et plus.","og_url":"https:\/\/partscityauto.ca\/fr\/nos-marques\/","og_site_name":"Parts City Pi\u00e8ces d&#039;Auto","article_modified_time":"2026-02-06T16:46:26+00:00","og_image":[{"url":"https:\/\/partscityauto.ca\/wp-content\/uploads\/2026\/01\/OurBrands1168x320.jpg","type":"","width":"","height":""}],"twitter_card":"summary_large_image","twitter_misc":{"Estimation du temps de lecture":"2 minutes"},"schema":{"@context":"https:\/\/schema.org","@graph":[{"@type":"WebPage","@id":"https:\/\/partscityauto.ca\/fr\/nos-marques\/","url":"https:\/\/partscityauto.ca\/fr\/nos-marques\/","name":"Nos marques | Parts City Pi\u00e8ces d&#039;Auto","isPartOf":{"@id":"https:\/\/partscityauto.ca\/fr\/#website"},"primaryImageOfPage":{"@id":"https:\/\/partscityauto.ca\/fr\/nos-marques\/#primaryimage"},"image":{"@id":"https:\/\/partscityauto.ca\/fr\/nos-marques\/#primaryimage"},"thumbnailUrl":"https:\/\/partscityauto.ca\/wp-content\/uploads\/2026\/01\/OurBrands1168x320.jpg","datePublished":"2025-12-04T18:09:50+00:00","dateModified":"2026-02-06T16:46:26+00:00","description":"D\u00e9couvrez les grandes marques chez Parts City : BrakeBest, batteries Super Start, filtres MicroGard, Import Direct et plus.","breadcrumb":{"@id":"https:\/\/partscityauto.ca\/fr\/nos-marques\/#breadcrumb"},"inLanguage":"fr-CA","potentialAction":[{"@type":"ReadAction","target":["https:\/\/partscityauto.ca\/fr\/nos-marques\/"]}],"about":{"@type":"Brand","name":"Nos marques"}},{"@type":"ImageObject","inLanguage":"fr-CA","@id":"https:\/\/partscityauto.ca\/fr\/nos-marques\/#primaryimage","url":"https:\/\/partscityauto.ca\/wp-content\/uploads\/2026\/01\/OurBrands1168x320.jpg","contentUrl":"https:\/\/partscityauto.ca\/wp-content\/uploads\/2026\/01\/OurBrands1168x320.jpg"},{"@type":"BreadcrumbList","@id":"https:\/\/partscityauto.ca\/fr\/nos-marques\/#breadcrumb","itemListElement":[{"@type":"ListItem","position":1,"name":"Accueil","item":"https:\/\/partscityauto.ca\/fr\/"},{"@type":"ListItem","position":2,"name":"Nos marques"}]},{"@type":"WebSite","@id":"https:\/\/partscityauto.ca\/fr\/#website","url":"https:\/\/partscityauto.ca\/fr\/","name":"Parts City Pi\u00e8ces d&#039;Auto","description":"Meilleures pi\u00e8ces\u2026 meilleurs prix, tous les jours !","publisher":{"@id":"https:\/\/partscityauto.ca\/fr\/#organization"},"potentialAction":[{"@type":"SearchAction","target":{"@type":"EntryPoint","urlTemplate":"https:\/\/partscityauto.ca\/fr\/?s={search_term_string}"},"query-input":{"@type":"PropertyValueSpecification","valueRequired":true,"valueName":"search_term_string"}}],"inLanguage":"fr-CA"},{"@type":"Organization","@id":"https:\/\/partscityauto.ca\/fr\/#organization","name":"Parts City Pi\u00e8ces d&#039;Auto","url":"https:\/\/partscityauto.ca\/fr\/","logo":{"@type":"ImageObject","inLanguage":"fr-CA","@id":"https:\/\/partscityauto.ca\/fr\/#\/schema\/logo\/image\/","url":"https:\/\/partscityauto.ca\/wp-content\/uploads\/2025\/02\/cropped-GDV-Logo_PartsCity_renverse_RGB.png","contentUrl":"https:\/\/partscityauto.ca\/wp-content\/uploads\/2025\/02\/cropped-GDV-Logo_PartsCity_renverse_RGB.png","width":864,"height":247,"caption":"Parts City Pi\u00e8ces d&#039;Auto"},"image":{"@id":"https:\/\/partscityauto.ca\/fr\/#\/schema\/logo\/image\/"}}]}},"_links":{"self":[{"href":"https:\/\/partscityauto.ca\/fr\/wp-json\/wp\/v2\/pages\/2613","targetHints":{"allow":["GET"]}}],"collection":[{"href":"https:\/\/partscityauto.ca\/fr\/wp-json\/wp\/v2\/pages"}],"about":[{"href":"https:\/\/partscityauto.ca\/fr\/wp-json\/wp\/v2\/types\/page"}],"author":[{"embeddable":true,"href":"https:\/\/partscityauto.ca\/fr\/wp-json\/wp\/v2\/users\/1"}],"replies":[{"embeddable":true,"href":"https:\/\/partscityauto.ca\/fr\/wp-json\/wp\/v2\/comments?post=2613"}],"version-history":[{"count":65,"href":"https:\/\/partscityauto.ca\/fr\/wp-json\/wp\/v2\/pages\/2613\/revisions"}],"predecessor-version":[{"id":5258,"href":"https:\/\/partscityauto.ca\/fr\/wp-json\/wp\/v2\/pages\/2613\/revisions\/5258"}],"wp:attachment":[{"href":"https:\/\/partscityauto.ca\/fr\/wp-json\/wp\/v2\/media?parent=2613"}],"curies":[{"name":"wp","href":"https:\/\/api.w.org\/{rel}","templated":true}]}}