{"id":2458,"date":"2025-09-05T09:04:56","date_gmt":"2025-09-05T13:04:56","guid":{"rendered":"https:\/\/partscityauto.ca\/?page_id=2458"},"modified":"2026-02-06T11:44:08","modified_gmt":"2026-02-06T16:44:08","slug":"nous-joindre","status":"publish","type":"page","link":"https:\/\/partscityauto.ca\/fr\/nous-joindre\/","title":{"rendered":"Nous joindre"},"content":{"rendered":"\t\t<div data-elementor-type=\"wp-page\" data-elementor-id=\"2458\" class=\"elementor elementor-2458\" data-elementor-post-type=\"page\">\n\t\t\t\t<div class=\"elementor-element elementor-element-40db466 e-flex e-con-boxed e-con e-parent\" data-id=\"40db466\" data-element_type=\"container\">\n\t\t\t\t\t<div class=\"e-con-inner\">\n\t\t\t\t<div class=\"elementor-element elementor-element-34a081f elementor-widget elementor-widget-heading\" data-id=\"34a081f\" data-element_type=\"widget\" data-widget_type=\"heading.default\">\n\t\t\t\t<div class=\"elementor-widget-container\">\n\t\t\t\t\t<h1 class=\"elementor-heading-title elementor-size-default\">Comment joindre un magasin Parts City Pi\u00e8ces d'auto <\/h1>\t\t\t\t<\/div>\n\t\t\t\t<\/div>\n\t\t\t\t<div class=\"elementor-element elementor-element-e5ca0f2 elementor-widget elementor-widget-text-editor\" data-id=\"e5ca0f2\" data-element_type=\"widget\" data-widget_type=\"text-editor.default\">\n\t\t\t\t<div class=\"elementor-widget-container\">\n\t\t\t\t\t\t\t\t\t<p><span class=\"TextRun SCXW233954684 BCX0\" lang=\"EN-US\" xml:lang=\"EN-US\" data-contrast=\"auto\"><span class=\"NormalTextRun SCXW233954684 BCX0\">Vous pouvez nous contacter par t\u00e9l\u00e9phone, par courriel ou en visitant l\u2019un de nos magasins.<\/span><\/span><span class=\"EOP SCXW233954684 BCX0\" data-ccp-props=\"{}\"> <\/span><\/p>\t\t\t\t\t\t\t\t<\/div>\n\t\t\t\t<\/div>\n\t\t\t\t\t<\/div>\n\t\t\t\t<\/div>\n\t\t<div class=\"elementor-element elementor-element-7805400 e-flex e-con-boxed e-con e-parent\" data-id=\"7805400\" data-element_type=\"container\">\n\t\t\t\t\t<div class=\"e-con-inner\">\n\t\t<div class=\"elementor-element elementor-element-0b7a5a9 e-con-full e-flex e-con e-child\" data-id=\"0b7a5a9\" data-element_type=\"container\">\n\t\t\t\t<div class=\"elementor-element elementor-element-8e6997f elementor-widget elementor-widget-image\" data-id=\"8e6997f\" data-element_type=\"widget\" data-widget_type=\"image.default\">\n\t\t\t\t<div class=\"elementor-widget-container\">\n\t\t\t\t\t\t\t\t\t\t\t\t\t\t\t<img decoding=\"async\" width=\"100\" height=\"72\" src=\"https:\/\/partscityauto.ca\/wp-content\/uploads\/2025\/12\/Contact-us-4col-storefinder.jpg\" class=\"attachment-large size-large wp-image-2852\" alt=\"\" \/>\t\t\t\t\t\t\t\t\t\t\t\t\t\t\t<\/div>\n\t\t\t\t<\/div>\n\t\t\t\t<div class=\"elementor-element elementor-element-411bd58 animated-slow elementor-widget elementor-widget-elementskit-heading\" data-id=\"411bd58\" data-element_type=\"widget\" data-settings=\"{&quot;_animation&quot;:&quot;none&quot;}\" data-widget_type=\"elementskit-heading.default\">\n\t\t\t\t<div class=\"elementor-widget-container\">\n\t\t\t\t\t<div class=\"ekit-wid-con\" ><div class=\"ekit-heading elementskit-section-title-wraper text_left   ekit_heading_tablet-   ekit_heading_mobile-\"><h3 class=\"ekit-heading--title elementskit-section-title \">Trouver un magasin<\/h3><div class=\"ekit_heading_separetor_wraper ekit_heading_elementskit-border-divider ekit-dotted\"><div class=\"elementskit-border-divider ekit-dotted\"><\/div><\/div>\t\t\t\t<div class='ekit-heading__description'>\n\t\t\t\t\t<p>Rep\u00e9rez le magasin Parts City Pi\u00e8ces d'Auto le plus pr\u00e8s de chez vous et obtenez les heures d\u2019ouverture, les services offerts et plus encore.<\/p>\n<p><a style=\"font-weight: bold;margin-top: 35px;display: block\" href=\"\/fr\/trouver-un-magasin\/\">Trouver un magasin<\/a><\/p>\n\t\t\t\t<\/div>\n\t\t\t<\/div><\/div>\t\t\t\t<\/div>\n\t\t\t\t<\/div>\n\t\t\t\t<\/div>\n\t\t<div class=\"elementor-element elementor-element-5cbd472 e-con-full e-flex e-con e-child\" data-id=\"5cbd472\" data-element_type=\"container\">\n\t\t\t\t<div class=\"elementor-element elementor-element-7c0cd6c elementor-widget elementor-widget-image\" data-id=\"7c0cd6c\" data-element_type=\"widget\" data-widget_type=\"image.default\">\n\t\t\t\t<div class=\"elementor-widget-container\">\n\t\t\t\t\t\t\t\t\t\t\t\t\t\t\t<img decoding=\"async\" width=\"100\" height=\"72\" src=\"https:\/\/partscityauto.ca\/wp-content\/uploads\/2025\/12\/Contact-us-call-us.jpg\" class=\"attachment-large size-large wp-image-2856\" alt=\"\" \/>\t\t\t\t\t\t\t\t\t\t\t\t\t\t\t<\/div>\n\t\t\t\t<\/div>\n\t\t\t\t<div class=\"elementor-element elementor-element-d610dbe animated-slow elementor-widget elementor-widget-elementskit-heading\" data-id=\"d610dbe\" data-element_type=\"widget\" data-settings=\"{&quot;_animation&quot;:&quot;none&quot;}\" data-widget_type=\"elementskit-heading.default\">\n\t\t\t\t<div class=\"elementor-widget-container\">\n\t\t\t\t\t<div class=\"ekit-wid-con\" ><div class=\"ekit-heading elementskit-section-title-wraper text_left   ekit_heading_tablet-   ekit_heading_mobile-\"><h3 class=\"ekit-heading--title elementskit-section-title \">Appelez-nous<\/h3><div class=\"ekit_heading_separetor_wraper ekit_heading_elementskit-border-divider ekit-dotted\"><div class=\"elementskit-border-divider ekit-dotted\"><\/div><\/div>\t\t\t\t<div class='ekit-heading__description'>\n\t\t\t\t\t<p>Besoin d\u2019aide pour choisir les bonnes pi\u00e8ces, outils ou ressources pour votre r\u00e9paration ? Vous avez d\u2019autres questions ? Parlez directement avec l\u2019un de nos conseillers en pi\u00e8ces.<\/p>\n<p>&nbsp;<\/p>\n<p><a href=\"tel:+18557788278\"><strong>1 855-778-8278<\/strong><\/a><br \/>\nT\u00e9l\u00e9c. sans frais<\/p>\n\t\t\t\t<\/div>\n\t\t\t<\/div><\/div>\t\t\t\t<\/div>\n\t\t\t\t<\/div>\n\t\t\t\t<\/div>\n\t\t<div class=\"elementor-element elementor-element-daac96e e-con-full e-flex e-con e-child\" data-id=\"daac96e\" data-element_type=\"container\">\n\t\t\t\t<div class=\"elementor-element elementor-element-1801142 elementor-widget elementor-widget-image\" data-id=\"1801142\" data-element_type=\"widget\" data-widget_type=\"image.default\">\n\t\t\t\t<div class=\"elementor-widget-container\">\n\t\t\t\t\t\t\t\t\t\t\t\t\t\t\t<img decoding=\"async\" width=\"100\" height=\"72\" src=\"https:\/\/partscityauto.ca\/wp-content\/uploads\/2025\/12\/Contact-us-form.jpg\" class=\"attachment-large size-large wp-image-2858\" alt=\"\" \/>\t\t\t\t\t\t\t\t\t\t\t\t\t\t\t<\/div>\n\t\t\t\t<\/div>\n\t\t\t\t<div class=\"elementor-element elementor-element-8d9e369 animated-slow elementor-widget elementor-widget-elementskit-heading\" data-id=\"8d9e369\" data-element_type=\"widget\" data-settings=\"{&quot;_animation&quot;:&quot;none&quot;}\" data-widget_type=\"elementskit-heading.default\">\n\t\t\t\t<div class=\"elementor-widget-container\">\n\t\t\t\t\t<div class=\"ekit-wid-con\" ><div class=\"ekit-heading elementskit-section-title-wraper text_left   ekit_heading_tablet-   ekit_heading_mobile-\"><h3 class=\"ekit-heading--title elementskit-section-title \">\u00c9crivez-nous<\/h3><div class=\"ekit_heading_separetor_wraper ekit_heading_elementskit-border-divider ekit-dotted\"><div class=\"elementskit-border-divider ekit-dotted\"><\/div><\/div>\t\t\t\t<div class='ekit-heading__description'>\n\t\t\t\t\t<p>Envoyez vos questions ou commentaires \u00e0 notre \u00e9quipe de soutien par courriel. Un d\u00e9lai de r\u00e9ponse de 24 \u00e0 48 heures est \u00e0 pr\u00e9voir. Nos heures de bureau sont du lundi au vendredi de 8h \u00e0 17h HNE.<\/p>\n<p><a style=\"font-weight: bold;margin-top: 35px;display: block\" href=\"#formContact\">Nous joindre<\/a><\/p>\n\t\t\t\t<\/div>\n\t\t\t<\/div><\/div>\t\t\t\t<\/div>\n\t\t\t\t<\/div>\n\t\t\t\t<\/div>\n\t\t\t\t\t<\/div>\n\t\t\t\t<\/div>\n\t\t<div class=\"elementor-element elementor-element-ed372f9 e-flex e-con-boxed e-con e-parent\" data-id=\"ed372f9\" data-element_type=\"container\" id=\"formContact\" data-settings=\"{&quot;background_background&quot;:&quot;classic&quot;}\">\n\t\t\t\t\t<div class=\"e-con-inner\">\n\t\t<div class=\"elementor-element elementor-element-adf6810 e-con-full e-flex e-con e-child\" data-id=\"adf6810\" data-element_type=\"container\" data-settings=\"{&quot;background_background&quot;:&quot;classic&quot;}\">\n\t\t\t\t<div class=\"elementor-element elementor-element-1873d0b elementor-button-align-stretch elementor-widget elementor-widget-form\" data-id=\"1873d0b\" data-element_type=\"widget\" data-settings=\"{&quot;step_next_label&quot;:&quot;Suivant&quot;,&quot;step_previous_label&quot;:&quot;Pr\\u00e9c\\u00e9dent&quot;,&quot;button_width&quot;:&quot;100&quot;,&quot;step_type&quot;:&quot;number_text&quot;,&quot;step_icon_shape&quot;:&quot;circle&quot;}\" data-widget_type=\"form.default\">\n\t\t\t\t<div class=\"elementor-widget-container\">\n\t\t\t\t\t\t\t<form class=\"elementor-form\" method=\"post\" name=\"\u00c9crivez-nous\" aria-label=\"\u00c9crivez-nous\">\n\t\t\t<input type=\"hidden\" name=\"post_id\" value=\"2458\"\/>\n\t\t\t<input type=\"hidden\" name=\"form_id\" value=\"1873d0b\"\/>\n\t\t\t<input type=\"hidden\" name=\"referer_title\" value=\"Nous joindre | Parts City Pi\u00e8ces d&#039;Auto\" \/>\n\n\t\t\t\t\t\t\t<input type=\"hidden\" name=\"queried_id\" value=\"2458\"\/>\n\t\t\t\n\t\t\t<div class=\"elementor-form-fields-wrapper elementor-labels-\">\n\t\t\t\t\t\t\t\t<div class=\"elementor-field-type-text elementor-field-group elementor-column elementor-field-group-name elementor-col-50 elementor-field-required\">\n\t\t\t\t\t\t\t\t\t\t\t\t<label for=\"form-field-name\" class=\"elementor-field-label elementor-screen-only\">\n\t\t\t\t\t\t\t\tPr\u00e9nom *\t\t\t\t\t\t\t<\/label>\n\t\t\t\t\t\t\t\t\t\t\t\t\t\t<input size=\"1\" type=\"text\" name=\"form_fields[name]\" id=\"form-field-name\" class=\"elementor-field elementor-size-md  elementor-field-textual\" placeholder=\"Pr\u00e9nom *\" required=\"required\">\n\t\t\t\t\t\t\t\t\t\t\t<\/div>\n\t\t\t\t\t\t\t\t<div class=\"elementor-field-type-text elementor-field-group elementor-column elementor-field-group-field_e021c17 elementor-col-50 elementor-field-required\">\n\t\t\t\t\t\t\t\t\t\t\t\t<label for=\"form-field-field_e021c17\" class=\"elementor-field-label elementor-screen-only\">\n\t\t\t\t\t\t\t\tNom *\t\t\t\t\t\t\t<\/label>\n\t\t\t\t\t\t\t\t\t\t\t\t\t\t<input size=\"1\" type=\"text\" name=\"form_fields[field_e021c17]\" id=\"form-field-field_e021c17\" class=\"elementor-field elementor-size-md  elementor-field-textual\" placeholder=\"Nom *\" required=\"required\">\n\t\t\t\t\t\t\t\t\t\t\t<\/div>\n\t\t\t\t\t\t\t\t<div class=\"elementor-field-type-email elementor-field-group elementor-column elementor-field-group-email elementor-col-50 elementor-field-required\">\n\t\t\t\t\t\t\t\t\t\t\t\t<label for=\"form-field-email\" class=\"elementor-field-label elementor-screen-only\">\n\t\t\t\t\t\t\t\tAdresse e-mail *\t\t\t\t\t\t\t<\/label>\n\t\t\t\t\t\t\t\t\t\t\t\t\t\t<input size=\"1\" type=\"email\" name=\"form_fields[email]\" id=\"form-field-email\" class=\"elementor-field elementor-size-md  elementor-field-textual\" placeholder=\"Adresse e-mail *\" required=\"required\">\n\t\t\t\t\t\t\t\t\t\t\t<\/div>\n\t\t\t\t\t\t\t\t<div class=\"elementor-field-type-tel elementor-field-group elementor-column elementor-field-group-field_a4eec6a elementor-col-50 elementor-field-required\">\n\t\t\t\t\t\t\t\t\t\t\t\t<label for=\"form-field-field_a4eec6a\" class=\"elementor-field-label elementor-screen-only\">\n\t\t\t\t\t\t\t\tT\u00e9l\u00e9phone\t\t\t\t\t\t\t<\/label>\n\t\t\t\t\t\t\t\t<input size=\"1\" type=\"tel\" name=\"form_fields[field_a4eec6a]\" id=\"form-field-field_a4eec6a\" class=\"elementor-field elementor-size-md  elementor-field-textual\" placeholder=\"T\u00e9l\u00e9phone\" required=\"required\" pattern=\"[0-9()#&amp;+*-=.]+\" title=\"Seuls les caract\u00e8res de num\u00e9ros de t\u00e9l\u00e9phone (#, -, *, etc.) sont accept\u00e9s.\">\n\n\t\t\t\t\t\t<\/div>\n\t\t\t\t\t\t\t\t<div class=\"elementor-field-type-text elementor-field-group elementor-column elementor-field-group-field_b743cd7 elementor-col-100 elementor-field-required\">\n\t\t\t\t\t\t\t\t\t\t\t\t<label for=\"form-field-field_b743cd7\" class=\"elementor-field-label elementor-screen-only\">\n\t\t\t\t\t\t\t\tSujet *\t\t\t\t\t\t\t<\/label>\n\t\t\t\t\t\t\t\t\t\t\t\t\t\t<input size=\"1\" type=\"text\" name=\"form_fields[field_b743cd7]\" id=\"form-field-field_b743cd7\" class=\"elementor-field elementor-size-md  elementor-field-textual\" placeholder=\"Sujet *\" required=\"required\">\n\t\t\t\t\t\t\t\t\t\t\t<\/div>\n\t\t\t\t\t\t\t\t<div class=\"elementor-field-type-textarea elementor-field-group elementor-column elementor-field-group-field_c32b34e elementor-col-100 elementor-field-required\">\n\t\t\t\t\t\t\t\t\t\t\t\t<label for=\"form-field-field_c32b34e\" class=\"elementor-field-label elementor-screen-only\">\n\t\t\t\t\t\t\t\tQuestion\t\t\t\t\t\t\t<\/label>\n\t\t\t\t\t\t<textarea class=\"elementor-field-textual elementor-field  elementor-size-md\" name=\"form_fields[field_c32b34e]\" id=\"form-field-field_c32b34e\" rows=\"4\" placeholder=\"Question *\" required=\"required\"><\/textarea>\t\t\t\t<\/div>\n\t\t\t\t\t\t\t\t<div class=\"elementor-field-type-text elementor-field-group elementor-column elementor-field-group-field_03b1fa0 elementor-col-100\">\n\t\t\t\t\t\t\t\t\t\t\t\t<label for=\"form-field-field_03b1fa0\" class=\"elementor-field-label elementor-screen-only\">\n\t\t\t\t\t\t\t\tNum\u00e9ro du magasin\t\t\t\t\t\t\t<\/label>\n\t\t\t\t\t\t\t\t\t\t\t\t\t\t<input size=\"1\" type=\"text\" name=\"form_fields[field_03b1fa0]\" id=\"form-field-field_03b1fa0\" class=\"elementor-field elementor-size-md  elementor-field-textual\" placeholder=\"Num\u00e9ro du magasin\">\n\t\t\t\t\t\t\t\t\t\t\t<\/div>\n\t\t\t\t\t\t\t\t<div class=\"elementor-field-group elementor-column elementor-field-type-submit elementor-col-100 e-form__buttons\">\n\t\t\t\t\t<button class=\"elementor-button elementor-size-md\" type=\"submit\">\n\t\t\t\t\t\t<span class=\"elementor-button-content-wrapper\">\n\t\t\t\t\t\t\t\t\t\t\t\t\t\t\t\t\t\t\t\t\t\t<span class=\"elementor-button-text\">Envoyer<\/span>\n\t\t\t\t\t\t\t\t\t\t\t\t\t<\/span>\n\t\t\t\t\t<\/button>\n\t\t\t\t<\/div>\n\t\t\t<\/div>\n\t\t<\/form>\n\t\t\t\t\t\t<\/div>\n\t\t\t\t<\/div>\n\t\t\t\t<\/div>\n\t\t\t\t\t<\/div>\n\t\t\t\t<\/div>\n\t\t\t\t<\/div>\n\t\t","protected":false},"excerpt":{"rendered":"<p>Comment joindre un magasin Parts City Pi\u00e8ces d&rsquo;auto Vous pouvez nous contacter par t\u00e9l\u00e9phone, par courriel ou en visitant l\u2019un de nos magasins. Trouver un magasin Rep\u00e9rez le magasin Parts City Pi\u00e8ces d&rsquo;Auto le plus pr\u00e8s de chez vous et obtenez les heures d\u2019ouverture, les services offerts et plus encore. Trouver un magasin Appelez-nous Besoin [&hellip;]<\/p>\n","protected":false},"author":1,"featured_media":0,"parent":0,"menu_order":0,"comment_status":"closed","ping_status":"closed","template":"","meta":{"_acf_changed":false,"footnotes":""},"class_list":["post-2458","page","type-page","status-publish","hentry"],"acf":[],"yoast_head":"<!-- This site is optimized with the Yoast SEO Premium plugin v27.2 (Yoast SEO v27.2) - https:\/\/yoast.com\/product\/yoast-seo-premium-wordpress\/ -->\n<title>Nous joindre | Parts City Pi\u00e8ces d&#039;Auto<\/title>\n<meta name=\"description\" content=\"Besoin d&#039;aide? Contactez le service client Parts City Pi\u00e8ces d&#039;Auto. T\u00e9l\u00e9phone, courriel et soutien pour tous vos besoins en pi\u00e8ces auto.\" \/>\n<meta name=\"robots\" content=\"index, follow, max-snippet:-1, max-image-preview:large, max-video-preview:-1\" \/>\n<link rel=\"canonical\" href=\"https:\/\/partscityauto.ca\/fr\/nous-joindre\/\" \/>\n<meta property=\"og:locale\" content=\"fr_CA\" \/>\n<meta property=\"og:type\" content=\"article\" \/>\n<meta property=\"og:title\" content=\"Nous joindre\" \/>\n<meta property=\"og:description\" content=\"Besoin d&#039;aide? Contactez le service client Parts City Pi\u00e8ces d&#039;Auto. T\u00e9l\u00e9phone, courriel et soutien pour tous vos besoins en pi\u00e8ces auto.\" \/>\n<meta property=\"og:url\" content=\"https:\/\/partscityauto.ca\/fr\/nous-joindre\/\" \/>\n<meta property=\"og:site_name\" content=\"Parts City Pi\u00e8ces d&#039;Auto\" \/>\n<meta property=\"article:modified_time\" content=\"2026-02-06T16:44:08+00:00\" \/>\n<meta property=\"og:image\" content=\"https:\/\/partscityauto.ca\/wp-content\/uploads\/2025\/12\/Contact-us-4col-storefinder.jpg\" \/>\n<meta name=\"twitter:card\" content=\"summary_large_image\" \/>\n<meta name=\"twitter:label1\" content=\"Estimation du temps de lecture\" \/>\n\t<meta name=\"twitter:data1\" content=\"2 minutes\" \/>\n<script type=\"application\/ld+json\" class=\"yoast-schema-graph\">{\"@context\":\"https:\/\/schema.org\",\"@graph\":[{\"@type\":\"WebPage\",\"@id\":\"https:\/\/partscityauto.ca\/fr\/nous-joindre\/\",\"url\":\"https:\/\/partscityauto.ca\/fr\/nous-joindre\/\",\"name\":\"Nous joindre | Parts City Pi\u00e8ces d&#039;Auto\",\"isPartOf\":{\"@id\":\"https:\/\/partscityauto.ca\/fr\/#website\"},\"primaryImageOfPage\":{\"@id\":\"https:\/\/partscityauto.ca\/fr\/nous-joindre\/#primaryimage\"},\"image\":{\"@id\":\"https:\/\/partscityauto.ca\/fr\/nous-joindre\/#primaryimage\"},\"thumbnailUrl\":\"https:\/\/partscityauto.ca\/wp-content\/uploads\/2025\/12\/Contact-us-4col-storefinder.jpg\",\"datePublished\":\"2025-09-05T13:04:56+00:00\",\"dateModified\":\"2026-02-06T16:44:08+00:00\",\"description\":\"Besoin d'aide? Contactez le service client Parts City Pi\u00e8ces d'Auto. T\u00e9l\u00e9phone, courriel et soutien pour tous vos besoins en pi\u00e8ces auto.\",\"breadcrumb\":{\"@id\":\"https:\/\/partscityauto.ca\/fr\/nous-joindre\/#breadcrumb\"},\"inLanguage\":\"fr-CA\",\"potentialAction\":[{\"@type\":\"ReadAction\",\"target\":[\"https:\/\/partscityauto.ca\/fr\/nous-joindre\/\"]}]},{\"@type\":\"ImageObject\",\"inLanguage\":\"fr-CA\",\"@id\":\"https:\/\/partscityauto.ca\/fr\/nous-joindre\/#primaryimage\",\"url\":\"https:\/\/partscityauto.ca\/wp-content\/uploads\/2025\/12\/Contact-us-4col-storefinder.jpg\",\"contentUrl\":\"https:\/\/partscityauto.ca\/wp-content\/uploads\/2025\/12\/Contact-us-4col-storefinder.jpg\"},{\"@type\":\"BreadcrumbList\",\"@id\":\"https:\/\/partscityauto.ca\/fr\/nous-joindre\/#breadcrumb\",\"itemListElement\":[{\"@type\":\"ListItem\",\"position\":1,\"name\":\"Accueil\",\"item\":\"https:\/\/partscityauto.ca\/fr\/\"},{\"@type\":\"ListItem\",\"position\":2,\"name\":\"Nous joindre\"}]},{\"@type\":\"WebSite\",\"@id\":\"https:\/\/partscityauto.ca\/fr\/#website\",\"url\":\"https:\/\/partscityauto.ca\/fr\/\",\"name\":\"Parts City Pi\u00e8ces d&#039;Auto\",\"description\":\"Meilleures pi\u00e8ces\u2026 meilleurs prix, tous les jours !\",\"publisher\":{\"@id\":\"https:\/\/partscityauto.ca\/fr\/#organization\"},\"potentialAction\":[{\"@type\":\"SearchAction\",\"target\":{\"@type\":\"EntryPoint\",\"urlTemplate\":\"https:\/\/partscityauto.ca\/fr\/?s={search_term_string}\"},\"query-input\":{\"@type\":\"PropertyValueSpecification\",\"valueRequired\":true,\"valueName\":\"search_term_string\"}}],\"inLanguage\":\"fr-CA\"},{\"@type\":\"Organization\",\"@id\":\"https:\/\/partscityauto.ca\/fr\/#organization\",\"name\":\"Parts City Pi\u00e8ces d&#039;Auto\",\"url\":\"https:\/\/partscityauto.ca\/fr\/\",\"logo\":{\"@type\":\"ImageObject\",\"inLanguage\":\"fr-CA\",\"@id\":\"https:\/\/partscityauto.ca\/fr\/#\/schema\/logo\/image\/\",\"url\":\"https:\/\/partscityauto.ca\/wp-content\/uploads\/2025\/02\/cropped-GDV-Logo_PartsCity_renverse_RGB.png\",\"contentUrl\":\"https:\/\/partscityauto.ca\/wp-content\/uploads\/2025\/02\/cropped-GDV-Logo_PartsCity_renverse_RGB.png\",\"width\":864,\"height\":247,\"caption\":\"Parts City Pi\u00e8ces d&#039;Auto\"},\"image\":{\"@id\":\"https:\/\/partscityauto.ca\/fr\/#\/schema\/logo\/image\/\"}}]}<\/script>\n<!-- \/ Yoast SEO Premium plugin. -->","yoast_head_json":{"title":"Nous joindre | Parts City Pi\u00e8ces d&#039;Auto","description":"Besoin d'aide? Contactez le service client Parts City Pi\u00e8ces d'Auto. T\u00e9l\u00e9phone, courriel et soutien pour tous vos besoins en pi\u00e8ces auto.","robots":{"index":"index","follow":"follow","max-snippet":"max-snippet:-1","max-image-preview":"max-image-preview:large","max-video-preview":"max-video-preview:-1"},"canonical":"https:\/\/partscityauto.ca\/fr\/nous-joindre\/","og_locale":"fr_CA","og_type":"article","og_title":"Nous joindre","og_description":"Besoin d'aide? Contactez le service client Parts City Pi\u00e8ces d'Auto. T\u00e9l\u00e9phone, courriel et soutien pour tous vos besoins en pi\u00e8ces auto.","og_url":"https:\/\/partscityauto.ca\/fr\/nous-joindre\/","og_site_name":"Parts City Pi\u00e8ces d&#039;Auto","article_modified_time":"2026-02-06T16:44:08+00:00","og_image":[{"url":"https:\/\/partscityauto.ca\/wp-content\/uploads\/2025\/12\/Contact-us-4col-storefinder.jpg","type":"","width":"","height":""}],"twitter_card":"summary_large_image","twitter_misc":{"Estimation du temps de lecture":"2 minutes"},"schema":{"@context":"https:\/\/schema.org","@graph":[{"@type":"WebPage","@id":"https:\/\/partscityauto.ca\/fr\/nous-joindre\/","url":"https:\/\/partscityauto.ca\/fr\/nous-joindre\/","name":"Nous joindre | Parts City Pi\u00e8ces d&#039;Auto","isPartOf":{"@id":"https:\/\/partscityauto.ca\/fr\/#website"},"primaryImageOfPage":{"@id":"https:\/\/partscityauto.ca\/fr\/nous-joindre\/#primaryimage"},"image":{"@id":"https:\/\/partscityauto.ca\/fr\/nous-joindre\/#primaryimage"},"thumbnailUrl":"https:\/\/partscityauto.ca\/wp-content\/uploads\/2025\/12\/Contact-us-4col-storefinder.jpg","datePublished":"2025-09-05T13:04:56+00:00","dateModified":"2026-02-06T16:44:08+00:00","description":"Besoin d'aide? Contactez le service client Parts City Pi\u00e8ces d'Auto. T\u00e9l\u00e9phone, courriel et soutien pour tous vos besoins en pi\u00e8ces auto.","breadcrumb":{"@id":"https:\/\/partscityauto.ca\/fr\/nous-joindre\/#breadcrumb"},"inLanguage":"fr-CA","potentialAction":[{"@type":"ReadAction","target":["https:\/\/partscityauto.ca\/fr\/nous-joindre\/"]}]},{"@type":"ImageObject","inLanguage":"fr-CA","@id":"https:\/\/partscityauto.ca\/fr\/nous-joindre\/#primaryimage","url":"https:\/\/partscityauto.ca\/wp-content\/uploads\/2025\/12\/Contact-us-4col-storefinder.jpg","contentUrl":"https:\/\/partscityauto.ca\/wp-content\/uploads\/2025\/12\/Contact-us-4col-storefinder.jpg"},{"@type":"BreadcrumbList","@id":"https:\/\/partscityauto.ca\/fr\/nous-joindre\/#breadcrumb","itemListElement":[{"@type":"ListItem","position":1,"name":"Accueil","item":"https:\/\/partscityauto.ca\/fr\/"},{"@type":"ListItem","position":2,"name":"Nous joindre"}]},{"@type":"WebSite","@id":"https:\/\/partscityauto.ca\/fr\/#website","url":"https:\/\/partscityauto.ca\/fr\/","name":"Parts City Pi\u00e8ces d&#039;Auto","description":"Meilleures pi\u00e8ces\u2026 meilleurs prix, tous les jours !","publisher":{"@id":"https:\/\/partscityauto.ca\/fr\/#organization"},"potentialAction":[{"@type":"SearchAction","target":{"@type":"EntryPoint","urlTemplate":"https:\/\/partscityauto.ca\/fr\/?s={search_term_string}"},"query-input":{"@type":"PropertyValueSpecification","valueRequired":true,"valueName":"search_term_string"}}],"inLanguage":"fr-CA"},{"@type":"Organization","@id":"https:\/\/partscityauto.ca\/fr\/#organization","name":"Parts City Pi\u00e8ces d&#039;Auto","url":"https:\/\/partscityauto.ca\/fr\/","logo":{"@type":"ImageObject","inLanguage":"fr-CA","@id":"https:\/\/partscityauto.ca\/fr\/#\/schema\/logo\/image\/","url":"https:\/\/partscityauto.ca\/wp-content\/uploads\/2025\/02\/cropped-GDV-Logo_PartsCity_renverse_RGB.png","contentUrl":"https:\/\/partscityauto.ca\/wp-content\/uploads\/2025\/02\/cropped-GDV-Logo_PartsCity_renverse_RGB.png","width":864,"height":247,"caption":"Parts City Pi\u00e8ces d&#039;Auto"},"image":{"@id":"https:\/\/partscityauto.ca\/fr\/#\/schema\/logo\/image\/"}}]}},"_links":{"self":[{"href":"https:\/\/partscityauto.ca\/fr\/wp-json\/wp\/v2\/pages\/2458","targetHints":{"allow":["GET"]}}],"collection":[{"href":"https:\/\/partscityauto.ca\/fr\/wp-json\/wp\/v2\/pages"}],"about":[{"href":"https:\/\/partscityauto.ca\/fr\/wp-json\/wp\/v2\/types\/page"}],"author":[{"embeddable":true,"href":"https:\/\/partscityauto.ca\/fr\/wp-json\/wp\/v2\/users\/1"}],"replies":[{"embeddable":true,"href":"https:\/\/partscityauto.ca\/fr\/wp-json\/wp\/v2\/comments?post=2458"}],"version-history":[{"count":63,"href":"https:\/\/partscityauto.ca\/fr\/wp-json\/wp\/v2\/pages\/2458\/revisions"}],"predecessor-version":[{"id":5255,"href":"https:\/\/partscityauto.ca\/fr\/wp-json\/wp\/v2\/pages\/2458\/revisions\/5255"}],"wp:attachment":[{"href":"https:\/\/partscityauto.ca\/fr\/wp-json\/wp\/v2\/media?parent=2458"}],"curies":[{"name":"wp","href":"https:\/\/api.w.org\/{rel}","templated":true}]}}